{"id":229797,"date":"2026-03-05T07:03:44","date_gmt":"2026-03-05T07:03:44","guid":{"rendered":"https:\/\/norte.vc\/?page_id=229797"},"modified":"2026-03-27T20:04:43","modified_gmt":"2026-03-27T18:04:43","slug":"ajankohtaista","status":"publish","type":"page","link":"https:\/\/norte.vc\/sv\/ajankohtaista\/","title":{"rendered":"Ajankohtaista"},"content":{"rendered":"\n[et_pb_section fb_built=&#8221;1&#8243; admin_label=&#8221;Header&#8221; _builder_version=&#8221;4.27.5&#8243; use_background_color_gradient=&#8221;on&#8221; background_color_gradient_stops=&#8221;rgba(255,255,255,0.4) 58%|#ffffff 80%&#8221; background_color_gradient_overlays_image=&#8221;on&#8221; background_color_gradient_start=&#8221;rgba(255,255,255,0.4)&#8221; background_color_gradient_end=&#8221;#ffffff&#8221; background_color_gradient_end_position=&#8221;90%&#8221; background_image=&#8221;https:\/\/norte.vc\/wp-content\/uploads\/2026\/01\/BG_Marinetime.jpg&#8221; custom_margin=&#8221;||||false&#8221; custom_padding=&#8221;12vw||3vw||false|false&#8221; global_colors_info=&#8221;{}&#8221;][et_pb_row _builder_version=&#8221;4.16&#8243; global_colors_info=&#8221;{}&#8221;][et_pb_column type=&#8221;4_4&#8243; _builder_version=&#8221;4.16&#8243; custom_padding=&#8221;|||&#8221; global_colors_info=&#8221;{}&#8221; custom_padding__hover=&#8221;|||&#8221;][et_pb_image src=&#8221;https:\/\/norte.vc\/wp-content\/uploads\/2026\/01\/NorteIcon_Blue.svg&#8221; title_text=&#8221;NorteIcon_Blue&#8221; align=&#8221;center&#8221; align_tablet=&#8221;center&#8221; align_phone=&#8221;center&#8221; align_last_edited=&#8221;on|tablet&#8221; _builder_version=&#8221;4.27.6&#8243; _module_preset=&#8221;default&#8221; width=&#8221;100px&#8221; width_tablet=&#8221;100px&#8221; width_phone=&#8221;50px&#8221; width_last_edited=&#8221;on|desktop&#8221; min_height=&#8221;84.9px&#8221; global_colors_info=&#8221;{}&#8221;][\/et_pb_image][et_pb_text content_tablet=&#8221;<h1>Ajankohtaista<\/h1>&#8221; content_phone=&#8221;<h1>Ajankohtaista<\/h1>&#8221; content_last_edited=&#8221;on|phone&#8221; _builder_version=&#8221;4.27.6&#8243; text_font=&#8221;||||||||&#8221; text_line_height=&#8221;2em&#8221; ul_font=&#8221;||||||||&#8221; ol_font=&#8221;||||||||&#8221; header_font=&#8221;|||on|||||&#8221; header_text_color=&#8221;#0A1128&#8243; header_font_size=&#8221;26px&#8221; header_2_font=&#8221;Unbounded Bold|600||on|||||&#8221; header_2_text_color=&#8221;#0A1128&#8243; header_2_line_height=&#8221;1.3em&#8221; header_3_font=&#8221;Unbounded|700||on|||||&#8221; header_3_text_color=&#8221;#0A1128&#8243; header_3_font_size=&#8221;30px&#8221; header_3_line_height=&#8221;1.6em&#8221; header_4_font=&#8221;&#8211;et_global_body_font|700||on|||||&#8221; header_4_text_color=&#8221;#0A1128&#8243; header_4_line_height=&#8221;1.8em&#8221; header_5_font=&#8221;||||||||&#8221; header_6_font=&#8221;||||||||&#8221; text_orientation=&#8221;center&#8221; background_layout=&#8221;dark&#8221; max_width=&#8221;700px&#8221; module_alignment=&#8221;center&#8221; custom_margin=&#8221;50px||4px|||&#8221; header_3_font_size_tablet=&#8221;&#8221; header_3_font_size_phone=&#8221;16px&#8221; header_3_font_size_last_edited=&#8221;on|desktop&#8221; header_4_font_size_tablet=&#8221;&#8221; header_4_font_size_phone=&#8221;14px&#8221; header_4_font_size_last_edited=&#8221;on|phone&#8221; locked=&#8221;off&#8221; global_colors_info=&#8221;{}&#8221;]<h1>Ajankohtaista<\/h1>[\/et_pb_text][et_pb_text content_tablet=&#8221;<h2>Oppeja kasvun tielt\u00e4<\/h2>&#8221; content_phone=&#8221;<h2>Oppeja kasvun tielt\u00e4<\/h2>&#8221; content_last_edited=&#8221;on|desktop&#8221; _builder_version=&#8221;4.27.6&#8243; text_font=&#8221;||||||||&#8221; text_line_height=&#8221;2em&#8221; ul_font=&#8221;||||||||&#8221; ol_font=&#8221;||||||||&#8221; header_font=&#8221;||||||||&#8221; header_2_font=&#8221;Unbounded Bold|600||on|||||&#8221; header_2_text_color=&#8221;#B5A47F&#8221; header_2_font_size=&#8221;20px&#8221; header_2_line_height=&#8221;1.3em&#8221; header_3_font=&#8221;Unbounded|700||on|||||&#8221; header_3_text_color=&#8221;#0A1128&#8243; header_3_font_size=&#8221;30px&#8221; header_3_line_height=&#8221;1.6em&#8221; header_4_font=&#8221;&#8211;et_global_body_font|700||on|||||&#8221; header_4_text_color=&#8221;#B5A47F&#8221; header_4_line_height=&#8221;1.8em&#8221; header_5_font=&#8221;||||||||&#8221; header_6_font=&#8221;||||||||&#8221; text_orientation=&#8221;center&#8221; background_layout=&#8221;dark&#8221; max_width=&#8221;700px&#8221; module_alignment=&#8221;center&#8221; custom_margin=&#8221;8px||4px|||&#8221; header_2_font_size_tablet=&#8221;20px&#8221; header_2_font_size_phone=&#8221;20px&#8221; header_2_font_size_last_edited=&#8221;on|tablet&#8221; header_3_font_size_tablet=&#8221;&#8221; header_3_font_size_phone=&#8221;16px&#8221; header_3_font_size_last_edited=&#8221;on|desktop&#8221; header_4_font_size_tablet=&#8221;&#8221; header_4_font_size_phone=&#8221;14px&#8221; header_4_font_size_last_edited=&#8221;on|phone&#8221; locked=&#8221;off&#8221; global_colors_info=&#8221;{}&#8221;]<h2>Oppeja kasvun tielt\u00e4<\/h2>[\/et_pb_text][dsm_block_reveal_text block_reveal_text=&#8221;Kasvu ei ole satunnaista \u2013 se syntyy oikeista p\u00e4\u00e4t\u00f6ksist\u00e4 oikeaan aikaan. T\u00e4ss\u00e4 jaamme kokemuksia, vinkkej\u00e4 ja tarinoita jotka auttavat sinua tekem\u00e4\u00e4n parempia p\u00e4\u00e4t\u00f6ksi\u00e4.&#8221; heading_html_tag=&#8221;p&#8221; block_reveal_color=&#8221;#FFFFFF&#8221; _builder_version=&#8221;4.27.6&#8243; _module_preset=&#8221;default&#8221; header_font=&#8221;&#8211;et_global_body_font|600|||||||&#8221; header_text_align=&#8221;center&#8221; header_text_color=&#8221;#0A1128&#8243; header_font_size=&#8221;18px&#8221; header_line_height=&#8221;1.3em&#8221; background_color=&#8221;RGBA(255,255,255,0)&#8221; width=&#8221;100%&#8221; max_width=&#8221;87%&#8221; module_alignment=&#8221;center&#8221; custom_padding=&#8221;10px|10px|10px|10px|false|false&#8221; border_radii=&#8221;on|15px|15px|15px|15px&#8221; global_colors_info=&#8221;{}&#8221;][\/dsm_block_reveal_text][\/et_pb_column][\/et_pb_row][\/et_pb_section][et_pb_section fb_built=&#8221;1&#8243; specialty=&#8221;on&#8221; _builder_version=&#8221;4.27.6&#8243; global_colors_info=&#8221;{}&#8221;][et_pb_column type=&#8221;1_4&#8243; _builder_version=&#8221;4.16&#8243; custom_padding=&#8221;|||&#8221; global_colors_info=&#8221;{}&#8221; custom_padding__hover=&#8221;|||&#8221;][et_pb_sidebar _builder_version=&#8221;4.27.6&#8243; header_font=&#8221;|||on|||||&#8221; header_font_size=&#8221;16px&#8221; global_colors_info=&#8221;{}&#8221;][\/et_pb_sidebar][\/et_pb_column][et_pb_column type=&#8221;3_4&#8243; specialty_columns=&#8221;3&#8243; _builder_version=&#8221;4.16&#8243; custom_padding=&#8221;|||&#8221; global_colors_info=&#8221;{}&#8221; custom_padding__hover=&#8221;|||&#8221;][et_pb_row_inner _builder_version=&#8221;4.27.6&#8243; _module_preset=&#8221;default&#8221; global_colors_info=&#8221;{}&#8221;][et_pb_column_inner saved_specialty_column_type=&#8221;3_4&#8243; _builder_version=&#8221;4.27.6&#8243; _module_preset=&#8221;default&#8221; global_colors_info=&#8221;{}&#8221;][et_pb_blog fullwidth=&#8221;off&#8221; posts_number=&#8221;9&#8243; include_categories=&#8221;17&#8243; meta_date=&#8221;d\/m\/y&#8221; excerpt_length=&#8221;175&#8243; show_more=&#8221;on&#8221; _builder_version=&#8221;4.27.6&#8243; _module_preset=&#8221;_initial&#8221; header_level=&#8221;h1&#8243; header_font=&#8221;&#8211;et_global_heading_font||||||||&#8221; header_text_color=&#8221;#0A1128&#8243; header_font_size=&#8221;20px&#8221; header_line_height=&#8221;114%&#8221; body_font=&#8221;&#8211;et_global_body_font||||||||&#8221; body_text_color=&#8221;#0A1128&#8243; meta_font=&#8221;&#8211;et_global_body_font|500|||||||&#8221; meta_text_color=&#8221;#B5A47F&#8221; meta_font_size=&#8221;13px&#8221; meta_line_height=&#8221;20px&#8221; read_more_font=&#8221;&#8211;et_global_body_font|600||on|||||&#8221; read_more_text_color=&#8221;#60D2FF&#8221; read_more_line_height=&#8221;2.7em&#8221; pagination_font=&#8221;&#8211;et_global_body_font|700|||||||&#8221; pagination_text_color=&#8221;#15c586&#8243; pagination_letter_spacing=&#8221;1px&#8221; hover_enabled=&#8221;0&#8243; border_width_all=&#8221;0px&#8221; global_colors_info=&#8221;{}&#8221; read_more_text_color__hover_enabled=&#8221;on|hover&#8221; read_more_text_color__hover=&#8221;#0A1128&#8243; sticky_enabled=&#8221;0&#8243;][\/et_pb_blog][\/et_pb_column_inner][\/et_pb_row_inner][\/et_pb_column][\/et_pb_section][et_pb_section fb_built=&#8221;1&#8243; admin_label=&#8221;Blog&#8221; _builder_version=&#8221;4.25.2&#8243; _module_preset=&#8221;_initial&#8221; locked=&#8221;off&#8221; global_colors_info=&#8221;{}&#8221;][\/et_pb_section][et_pb_section fb_built=&#8221;1&#8243; admin_label=&#8221;Testimonials&#8221; _builder_version=&#8221;4.27.5&#8243; background_enable_image=&#8221;off&#8221; background_size=&#8221;contain&#8221; background_position=&#8221;top_right&#8221; custom_padding=&#8221;0vw||0||false|false&#8221; global_colors_info=&#8221;{}&#8221;][et_pb_row _builder_version=&#8221;4.27.5&#8243; _module_preset=&#8221;default&#8221; custom_padding=&#8221;||65px|||&#8221; global_colors_info=&#8221;{}&#8221;][et_pb_column type=&#8221;4_4&#8243; _builder_version=&#8221;4.27.5&#8243; _module_preset=&#8221;default&#8221; global_colors_info=&#8221;{}&#8221;][et_pb_image src=&#8221;https:\/\/norte.vc\/wp-content\/uploads\/2026\/01\/NorteIcon_Khaki.svg&#8221; title_text=&#8221;NorteIcon_Khaki&#8221; align=&#8221;center&#8221; _builder_version=&#8221;4.27.5&#8243; _module_preset=&#8221;default&#8221; width=&#8221;5%&#8221; width_tablet=&#8221;5%&#8221; width_phone=&#8221;75px&#8221; width_last_edited=&#8221;on|phone&#8221; global_colors_info=&#8221;{}&#8221;][\/et_pb_image][et_pb_button button_url=&#8221;@ET-DC@eyJkeW5hbWljIjp0cnVlLCJjb250ZW50IjoicG9zdF9saW5rX3VybF9wYWdlIiwic2V0dGluZ3MiOnsicG9zdF9pZCI6IjcxNjU4In19@&#8221; button_text=&#8221;Tutustu meihin&#8221; button_alignment=&#8221;center&#8221; button_alignment_tablet=&#8221;center&#8221; button_alignment_phone=&#8221;center&#8221; button_alignment_last_edited=&#8221;on|phone&#8221; _builder_version=&#8221;4.27.6&#8243; _dynamic_attributes=&#8221;button_url&#8221; custom_button=&#8221;on&#8221; button_text_size=&#8221;10px&#8221; button_text_color=&#8221;#FFFFFF&#8221; button_bg_color=&#8221;#60D2FF&#8221; button_border_width=&#8221;0px&#8221; button_border_color=&#8221;#60D2FF&#8221; button_border_radius=&#8221;0px&#8221; button_letter_spacing=&#8221;0px&#8221; button_font=&#8221;Unbounded Bold|500||on|||||&#8221; button_use_icon=&#8221;off&#8221; custom_padding=&#8221;15px|20px|15px|20px|true|true&#8221; global_colors_info=&#8221;{}&#8221; button_text_color__hover_enabled=&#8221;on|hover&#8221; button_text_color__hover=&#8221;#0A1128&#8243; button_bg_color__hover_enabled=&#8221;on|hover&#8221; button_bg_color__hover=&#8221;#E8EAED&#8221; button_bg_enable_color__hover=&#8221;on&#8221; button_border_color__hover_enabled=&#8221;on|hover&#8221; button_border_color__hover=&#8221;#E8EAED&#8221; button_letter_spacing__hover_enabled=&#8221;on|desktop&#8221; button_letter_spacing__hover=&#8221;0px&#8221;][\/et_pb_button][\/et_pb_column][\/et_pb_row][\/et_pb_section]\n","protected":false},"excerpt":{"rendered":"<p>AjankohtaistaOppeja kasvun tielt\u00e4<div class=\"et_pb_module dsm_block_reveal_text dsm_block_reveal_text_0\">\n\t\t\t\t\n\t\t\t\t\n\t\t\t\t\n\t\t\t\t\n\t\t\t\t\n\t\t\t\t\n\t\t\t\t<div class=\"et_pb_module_inner\">\n\t\t\t\t\t<div class=\"dsm_block_reveal_text_wrapper\" data-dsm-block-reveal-animation=\"lr\" data-dsm-block-reveal-color=\"#FFFFFF\" data-dsm-block-reveal-delay=\"0.1\" data-dsm-block-reveal-viewport=\"80%\"><p class=\"dsm_block_reveal_text_header et_pb_module_header\">Kasvu ei ole satunnaista \u2013 se syntyy oikeista p\u00e4\u00e4t\u00f6ksist\u00e4 oikeaan aikaan. T\u00e4ss\u00e4 jaamme kokemuksia, vinkkej\u00e4 ja tarinoita jotka auttavat sinua tekem\u00e4\u00e4n parempia p\u00e4\u00e4t\u00f6ksi\u00e4.<\/p><\/div>\n\t\t\t\t<\/div>\n\t\t\t<\/div><\/p>","protected":false},"author":5,"featured_media":0,"parent":0,"menu_order":0,"comment_status":"closed","ping_status":"closed","template":"","meta":{"_et_pb_use_builder":"on","_et_pb_old_content":"","_et_gb_content_width":"","inline_featured_image":false,"footnotes":""},"class_list":["post-229797","page","type-page","status-publish","hentry"],"_links":{"self":[{"href":"https:\/\/norte.vc\/sv\/wp-json\/wp\/v2\/pages\/229797","targetHints":{"allow":["GET"]}}],"collection":[{"href":"https:\/\/norte.vc\/sv\/wp-json\/wp\/v2\/pages"}],"about":[{"href":"https:\/\/norte.vc\/sv\/wp-json\/wp\/v2\/types\/page"}],"author":[{"embeddable":true,"href":"https:\/\/norte.vc\/sv\/wp-json\/wp\/v2\/users\/5"}],"replies":[{"embeddable":true,"href":"https:\/\/norte.vc\/sv\/wp-json\/wp\/v2\/comments?post=229797"}],"version-history":[{"count":16,"href":"https:\/\/norte.vc\/sv\/wp-json\/wp\/v2\/pages\/229797\/revisions"}],"predecessor-version":[{"id":230081,"href":"https:\/\/norte.vc\/sv\/wp-json\/wp\/v2\/pages\/229797\/revisions\/230081"}],"wp:attachment":[{"href":"https:\/\/norte.vc\/sv\/wp-json\/wp\/v2\/media?parent=229797"}],"curies":[{"name":"wp","href":"https:\/\/api.w.org\/{rel}","templated":true}]}}